{"id":20,"date":"2022-09-26T22:49:51","date_gmt":"2022-09-27T03:49:51","guid":{"rendered":"https:\/\/joperep.com\/?page_id=20"},"modified":"2022-10-02T23:31:04","modified_gmt":"2022-10-03T04:31:04","slug":"clientes","status":"publish","type":"page","link":"https:\/\/joperep.com\/index.php\/clientes\/","title":{"rendered":"Clientes"},"content":{"rendered":"\n<p>Nuestros principales mercados de exportaci\u00f3n son <strong>Canad\u00e1, Estados Unidos, Centro Am\u00e9rica, Argentina, Chile, Brasil y Colombia<\/strong> y en Europa pa\u00edses como <strong>Inglaterra, Grecia, Francia, Espa\u00f1a<\/strong>, entre otros. Estos despachos han sido realizados directamente por <strong style=\"color:blue\">JOPE REPRESENTACIONES<\/strong> o a trav\u00e9s de nuestras alianzas estrat\u00e9gicas. Entre nuestros principales clientes est\u00e1n:<\/p>\n\n\n\n<figure class=\"wp-block-image size-large\"><img loading=\"lazy\" decoding=\"async\" width=\"1024\" height=\"697\" src=\"https:\/\/joperep.com\/wp-content\/uploads\/2022\/10\/JOPE-Clientes-1024x697.png\" alt=\"\" class=\"wp-image-98\" srcset=\"https:\/\/joperep.com\/wp-content\/uploads\/2022\/10\/JOPE-Clientes-1024x697.png 1024w, https:\/\/joperep.com\/wp-content\/uploads\/2022\/10\/JOPE-Clientes-300x204.png 300w, https:\/\/joperep.com\/wp-content\/uploads\/2022\/10\/JOPE-Clientes-768x523.png 768w, https:\/\/joperep.com\/wp-content\/uploads\/2022\/10\/JOPE-Clientes-1536x1046.png 1536w, https:\/\/joperep.com\/wp-content\/uploads\/2022\/10\/JOPE-Clientes-2048x1394.png 2048w\" sizes=\"auto, (max-width: 1024px) 100vw, 1024px\" \/><\/figure>\n","protected":false},"excerpt":{"rendered":"<p>Nuestros principales mercados de exportaci\u00f3n son Canad\u00e1, Estados Unidos, Centro Am\u00e9rica, Argentina, Chile, Brasil y Colombia y en Europa pa\u00edses como Inglaterra, Grecia, Francia, Espa\u00f1a, entre otros. Estos despachos han sido realizados directamente por JOPE REPRESENTACIONES o a trav\u00e9s de nuestras alianzas estrat\u00e9gicas. Entre nuestros principales clientes est\u00e1n:<\/p>\n","protected":false},"author":1,"featured_media":0,"parent":0,"menu_order":0,"comment_status":"closed","ping_status":"closed","template":"","meta":{"footnotes":""},"class_list":["post-20","page","type-page","status-publish","hentry"],"_links":{"self":[{"href":"https:\/\/joperep.com\/index.php\/wp-json\/wp\/v2\/pages\/20","targetHints":{"allow":["GET"]}}],"collection":[{"href":"https:\/\/joperep.com\/index.php\/wp-json\/wp\/v2\/pages"}],"about":[{"href":"https:\/\/joperep.com\/index.php\/wp-json\/wp\/v2\/types\/page"}],"author":[{"embeddable":true,"href":"https:\/\/joperep.com\/index.php\/wp-json\/wp\/v2\/users\/1"}],"replies":[{"embeddable":true,"href":"https:\/\/joperep.com\/index.php\/wp-json\/wp\/v2\/comments?post=20"}],"version-history":[{"count":5,"href":"https:\/\/joperep.com\/index.php\/wp-json\/wp\/v2\/pages\/20\/revisions"}],"predecessor-version":[{"id":129,"href":"https:\/\/joperep.com\/index.php\/wp-json\/wp\/v2\/pages\/20\/revisions\/129"}],"wp:attachment":[{"href":"https:\/\/joperep.com\/index.php\/wp-json\/wp\/v2\/media?parent=20"}],"curies":[{"name":"wp","href":"https:\/\/api.w.org\/{rel}","templated":true}]}}