{"id":17,"date":"2022-09-26T22:48:52","date_gmt":"2022-09-27T03:48:52","guid":{"rendered":"https:\/\/joperep.com\/?page_id=17"},"modified":"2022-10-02T23:16:19","modified_gmt":"2022-10-03T04:16:19","slug":"productos","status":"publish","type":"page","link":"https:\/\/joperep.com\/index.php\/productos\/","title":{"rendered":"Productos"},"content":{"rendered":"\n<p>Las prendas de vestir de tejido de punto que actualmente producimos son fabricadas con hilados de 100% algod\u00f3n y as\u00ed mismo, con hilados de algod\u00f3n mezclados con otras fibras.<\/p>\n\n\n\n<p><strong>Los tipos de prendas que producimos son:<\/strong><\/p>\n\n\n\n<p>Basic Tops, Vestidos, Pijamas, Casacas, T-Shirt M\/C \u2013 M\/L, Polo Box, Prendas Deportivas, Lenceria<\/p>\n\n\n\n<p><strong>As\u00ed tambi\u00e9n trabajamos las t\u00e9cnicas de estampado:<\/strong> Plastisol, Water Base, Foil, Glitter, Shimmer, PUF, High Density, Troquelado, Chenille, Lentejuela, Punto Cruz, Transfer Embroidery.<\/p>\n\n\n\n<figure class=\"wp-block-image size-large\"><img loading=\"lazy\" decoding=\"async\" width=\"1024\" height=\"407\" src=\"https:\/\/joperep.com\/wp-content\/uploads\/2022\/10\/JOPE-Productos-1024x407.png\" alt=\"\" class=\"wp-image-105\" srcset=\"https:\/\/joperep.com\/wp-content\/uploads\/2022\/10\/JOPE-Productos-1024x407.png 1024w, https:\/\/joperep.com\/wp-content\/uploads\/2022\/10\/JOPE-Productos-300x119.png 300w, https:\/\/joperep.com\/wp-content\/uploads\/2022\/10\/JOPE-Productos-768x305.png 768w, https:\/\/joperep.com\/wp-content\/uploads\/2022\/10\/JOPE-Productos-1536x611.png 1536w, https:\/\/joperep.com\/wp-content\/uploads\/2022\/10\/JOPE-Productos.png 1637w\" sizes=\"auto, (max-width: 1024px) 100vw, 1024px\" \/><\/figure>\n","protected":false},"excerpt":{"rendered":"<p>Las prendas de vestir de tejido de punto que actualmente producimos son fabricadas con hilados de 100% algod\u00f3n y as\u00ed mismo, con hilados de algod\u00f3n mezclados con otras fibras. Los tipos de prendas que producimos son: Basic Tops, Vestidos, Pijamas, Casacas, T-Shirt M\/C \u2013 M\/L, Polo Box, Prendas Deportivas, Lenceria As\u00ed tambi\u00e9n trabajamos las t\u00e9cnicas [&hellip;]<\/p>\n","protected":false},"author":1,"featured_media":0,"parent":0,"menu_order":0,"comment_status":"closed","ping_status":"closed","template":"","meta":{"footnotes":""},"class_list":["post-17","page","type-page","status-publish","hentry"],"_links":{"self":[{"href":"https:\/\/joperep.com\/index.php\/wp-json\/wp\/v2\/pages\/17","targetHints":{"allow":["GET"]}}],"collection":[{"href":"https:\/\/joperep.com\/index.php\/wp-json\/wp\/v2\/pages"}],"about":[{"href":"https:\/\/joperep.com\/index.php\/wp-json\/wp\/v2\/types\/page"}],"author":[{"embeddable":true,"href":"https:\/\/joperep.com\/index.php\/wp-json\/wp\/v2\/users\/1"}],"replies":[{"embeddable":true,"href":"https:\/\/joperep.com\/index.php\/wp-json\/wp\/v2\/comments?post=17"}],"version-history":[{"count":3,"href":"https:\/\/joperep.com\/index.php\/wp-json\/wp\/v2\/pages\/17\/revisions"}],"predecessor-version":[{"id":106,"href":"https:\/\/joperep.com\/index.php\/wp-json\/wp\/v2\/pages\/17\/revisions\/106"}],"wp:attachment":[{"href":"https:\/\/joperep.com\/index.php\/wp-json\/wp\/v2\/media?parent=17"}],"curies":[{"name":"wp","href":"https:\/\/api.w.org\/{rel}","templated":true}]}}