{"id":10,"date":"2022-09-26T22:47:06","date_gmt":"2022-09-27T03:47:06","guid":{"rendered":"https:\/\/joperep.com\/?page_id=10"},"modified":"2022-10-02T23:29:28","modified_gmt":"2022-10-03T04:29:28","slug":"nosotros","status":"publish","type":"page","link":"https:\/\/joperep.com\/index.php\/nosotros\/","title":{"rendered":"Nosotros"},"content":{"rendered":"\n<p><strong style=\"color:blue\">JOPE REPRESENTACIONES<\/strong> es una empresa forjada con el conocimiento de <strong>expertos con m\u00e1s de 20 a\u00f1os dedicados al rubro textil y de confecciones<\/strong>, los cuales volcaron sus esfuerzos en la fabricaci\u00f3n y confecci\u00f3n de prendas de tejido de punto de algod\u00f3n, destacando en dise\u00f1os actuales de <strong>moda Europea y de los Estados Unidos<\/strong>.<\/p>\n\n\n\n<p>Nuestro proceso inicia desde la adquisici\u00f3n del hilado hasta la prenda terminada con a\u00f1adiduras como: <strong>estampados, bordados y acabados en Pima, Tanguis, Viscosa, Polyester y otras fibras<\/strong>. Contamos con proveedores de servicios portadores de maquinaria moderna computarizada, mano de obra experta y estrictos controles de calidad que se rigen bajo los est\u00e1ndares internacionales de control y seguridad.<\/p>\n\n\n\n<p>Nuestra ventaja competitiva se refleja en la capacidad de realizar entregas de baja, media y grandes cantidades a cualquier destino solicitado, esto, gracias a nuestras fortalecidas <strong>alianzas estrat\u00e9gicas nacionales e internacionales<\/strong> con las que contamos, las cuales garantizan la <strong>entrega a cualquier destino del mundo<\/strong>, en las fechas pactadas, superando las expectativas de nuestros clientes.<\/p>\n\n\n\n<p>Nuestros principales mercados de exportaci\u00f3n son <strong>Canad\u00e1, Estados Unidos, Centro Am\u00e9rica, Argentina, Chile, Brasil y Colombia<\/strong>. En Europa, pa\u00edses como <strong>Inglaterra, Grecia, Francia, Espa\u00f1a<\/strong>, entre otros. Estos despachos han sido realizados directamente por <strong style=\"color:blue\">JOPE REPRESENTACIONES<\/strong> o a trav\u00e9s de nuestras alianzas estrat\u00e9gicas.<\/p>\n\n\n\n<figure class=\"wp-block-image size-full\"><img loading=\"lazy\" decoding=\"async\" width=\"960\" height=\"365\" src=\"https:\/\/joperep.com\/wp-content\/uploads\/2022\/10\/JOPE-Nosotros.jpg\" alt=\"\" class=\"wp-image-102\" srcset=\"https:\/\/joperep.com\/wp-content\/uploads\/2022\/10\/JOPE-Nosotros.jpg 960w, https:\/\/joperep.com\/wp-content\/uploads\/2022\/10\/JOPE-Nosotros-300x114.jpg 300w, https:\/\/joperep.com\/wp-content\/uploads\/2022\/10\/JOPE-Nosotros-768x292.jpg 768w\" sizes=\"auto, (max-width: 960px) 100vw, 960px\" \/><\/figure>\n","protected":false},"excerpt":{"rendered":"<p>JOPE REPRESENTACIONES es una empresa forjada con el conocimiento de expertos con m\u00e1s de 20 a\u00f1os dedicados al rubro textil y de confecciones, los cuales volcaron sus esfuerzos en la fabricaci\u00f3n y confecci\u00f3n de prendas de tejido de punto de algod\u00f3n, destacando en dise\u00f1os actuales de moda Europea y de los Estados Unidos. Nuestro proceso [&hellip;]<\/p>\n","protected":false},"author":1,"featured_media":0,"parent":0,"menu_order":0,"comment_status":"closed","ping_status":"closed","template":"","meta":{"footnotes":""},"class_list":["post-10","page","type-page","status-publish","hentry"],"_links":{"self":[{"href":"https:\/\/joperep.com\/index.php\/wp-json\/wp\/v2\/pages\/10","targetHints":{"allow":["GET"]}}],"collection":[{"href":"https:\/\/joperep.com\/index.php\/wp-json\/wp\/v2\/pages"}],"about":[{"href":"https:\/\/joperep.com\/index.php\/wp-json\/wp\/v2\/types\/page"}],"author":[{"embeddable":true,"href":"https:\/\/joperep.com\/index.php\/wp-json\/wp\/v2\/users\/1"}],"replies":[{"embeddable":true,"href":"https:\/\/joperep.com\/index.php\/wp-json\/wp\/v2\/comments?post=10"}],"version-history":[{"count":5,"href":"https:\/\/joperep.com\/index.php\/wp-json\/wp\/v2\/pages\/10\/revisions"}],"predecessor-version":[{"id":127,"href":"https:\/\/joperep.com\/index.php\/wp-json\/wp\/v2\/pages\/10\/revisions\/127"}],"wp:attachment":[{"href":"https:\/\/joperep.com\/index.php\/wp-json\/wp\/v2\/media?parent=10"}],"curies":[{"name":"wp","href":"https:\/\/api.w.org\/{rel}","templated":true}]}}